{"id":4789,"date":"2019-06-20T16:34:56","date_gmt":"2019-06-20T16:34:56","guid":{"rendered":"https:\/\/aspire.org.do\/dos\/?page_id=4789"},"modified":"2025-02-25T14:05:14","modified_gmt":"2025-02-25T14:05:14","slug":"nosotros","status":"publish","type":"page","link":"https:\/\/aspire.org.do\/?page_id=4789","title":{"rendered":"Nosotros"},"content":{"rendered":"<p><img decoding=\"async\" loading=\"lazy\" class=\"wp-image-5227 alignright\" src=\"https:\/\/aspire.org.do\/wp-content\/uploads\/2022\/07\/IMAGEN-2-WEB-300x150.jpg\" alt=\"\" width=\"444\" height=\"222\" srcset=\"https:\/\/aspire.org.do\/wp-content\/uploads\/2022\/07\/IMAGEN-2-WEB-300x150.jpg 300w, https:\/\/aspire.org.do\/wp-content\/uploads\/2022\/07\/IMAGEN-2-WEB-1024x510.jpg 1024w, https:\/\/aspire.org.do\/wp-content\/uploads\/2022\/07\/IMAGEN-2-WEB-768x383.jpg 768w, https:\/\/aspire.org.do\/wp-content\/uploads\/2022\/07\/IMAGEN-2-WEB.jpg 1316w\" sizes=\"(max-width: 444px) 100vw, 444px\" \/><\/p>\n<p align=\"justify\">La Asociaci\u00f3n para Inversi\u00f3n y Empleo, Inc. (ASPIRE) es una organizaci\u00f3n cristiana sin fines lucrativos, fundada en 1983 con el prop\u00f3sito de promover el desarrollo integral de las familias dominicanas pertenecientes a los sectores m\u00e1s empobrecidos por medio de la facilitaci\u00f3n de programas educativos fundamentados en valores cristianos y asistencia t\u00e9cnica para la inclusi\u00f3n social y financiera.<\/p>\n<p>Desde sus inicios, ASPIRE ha alcanzado a miles de personas que han desarrollado su micro y peque\u00f1a empresa para sostener sus familias o integrando personas al mundo de las finanzas para tener calidad de vida.<\/p>\n<p>Los fundadores de ASPIRE fueron los se\u00f1ores: Douglas C. Growe, Jos\u00e9 A. Postigo, Gary S. Kemp, Ruth E. Rodr\u00edguez R., Braulio Portes, Miguel A. Nurse R. y Rafael Contreras.<\/p>\n<p>En lo que respecta a su estructura organizacional, ASPIRE est\u00e1 constituida por una Asamblea General compuesta por una membres\u00eda de 30 personas, de los cuales se elige una junta directiva de 7 personas, compuesta de la siguiente manera: una presidencia, dos vicepresidencias, una secretar\u00eda, una tesorer\u00eda y dos vocales, quienes se re\u00fanen en sesi\u00f3n de trabajo de manera ordinaria.<\/p>\n<p>La parte administrativa est\u00e1 a cargo de la Direcci\u00f3n Ejecutiva, que es la responsable de velar por el cumplimiento de los objetivos operativos de la instituci\u00f3n.<\/p>\n<p>ASPIRE es miembro activo de Opportunity International Network, red que agrupa cerca de 40 organizaciones en todo el mundo, y que tiene su sede principal en Chicago, USA.<\/p>\n<p>En el \u00e1mbito local, ASPIRE est\u00e1 relacionada con una serie de organizaciones que trabajan con el sector de la micro y peque\u00f1a empresa, entre las que se encuentran: Red Dominicana de Microfinanzas REDOMIF, Fondomicro, Fundaci\u00f3n Reservas del Pa\u00eds, Citi Foundation, entre otras.<\/p>\n<hr \/>\n<p><strong>\u00a0<\/strong><\/p>\n<p><strong><img decoding=\"async\" loading=\"lazy\" class=\"wp-image-5228 alignleft\" src=\"https:\/\/aspire.org.do\/wp-content\/uploads\/2022\/07\/IMAGEN-3-WEB-300x277.png\" alt=\"\" width=\"358\" height=\"330\" srcset=\"https:\/\/aspire.org.do\/wp-content\/uploads\/2022\/07\/IMAGEN-3-WEB-300x277.png 300w, https:\/\/aspire.org.do\/wp-content\/uploads\/2022\/07\/IMAGEN-3-WEB.png 731w\" sizes=\"(max-width: 358px) 100vw, 358px\" \/><\/strong><\/p>\n<p>&nbsp;<\/p>\n<p>&nbsp;<\/p>\n<p>&nbsp;<\/p>\n<p><em>\u201cEl Esp\u00edritu de Jehov\u00e1 el Se\u00f1or est\u00e1 sobre m\u00ed, porque me ungi\u00f3 Jehov\u00e1; me ha enviado a predicar buenas nuevas a los abatidos, a vendar a los quebrantados de coraz\u00f3n, a publicar libertad a los cautivos, y a los presos apertura de la c\u00e1rcel; a proclamar el a\u00f1o de la buena voluntad de Jehov\u00e1, y el d\u00eda de venganza del Dios nuestro; a consolar a todos los enlutados\u201d. Isaias 61:1-2<\/em><\/p>\n<p>&nbsp;<\/p>\n<p><strong>\u00a0<\/strong><\/p>\n","protected":false},"excerpt":{"rendered":"<p>La Asociaci\u00f3n para Inversi\u00f3n y Empleo, Inc. (ASPIRE) es una organizaci\u00f3n cristiana sin fines lucrativos, fundada en 1983 con el prop\u00f3sito de promover el desarrollo integral de las familias dominicanas pertenecientes a los sectores m\u00e1s empobrecidos por medio de la facilitaci\u00f3n de programas educativos fundamentados en valores cristianos y asistencia t\u00e9cnica para la inclusi\u00f3n social [&hellip;]<\/p>\n","protected":false},"author":2,"featured_media":0,"parent":0,"menu_order":0,"comment_status":"closed","ping_status":"closed","template":"","meta":[],"_links":{"self":[{"href":"https:\/\/aspire.org.do\/index.php?rest_route=\/wp\/v2\/pages\/4789"}],"collection":[{"href":"https:\/\/aspire.org.do\/index.php?rest_route=\/wp\/v2\/pages"}],"about":[{"href":"https:\/\/aspire.org.do\/index.php?rest_route=\/wp\/v2\/types\/page"}],"author":[{"embeddable":true,"href":"https:\/\/aspire.org.do\/index.php?rest_route=\/wp\/v2\/users\/2"}],"replies":[{"embeddable":true,"href":"https:\/\/aspire.org.do\/index.php?rest_route=%2Fwp%2Fv2%2Fcomments&post=4789"}],"version-history":[{"count":8,"href":"https:\/\/aspire.org.do\/index.php?rest_route=\/wp\/v2\/pages\/4789\/revisions"}],"predecessor-version":[{"id":5639,"href":"https:\/\/aspire.org.do\/index.php?rest_route=\/wp\/v2\/pages\/4789\/revisions\/5639"}],"wp:attachment":[{"href":"https:\/\/aspire.org.do\/index.php?rest_route=%2Fwp%2Fv2%2Fmedia&parent=4789"}],"curies":[{"name":"wp","href":"https:\/\/api.w.org\/{rel}","templated":true}]}}